{"id":41,"date":"2024-02-17T14:54:36","date_gmt":"2024-02-17T14:54:36","guid":{"rendered":"http:\/\/doscafe.rf.gd\/?page_id=41"},"modified":"2024-03-27T17:27:45","modified_gmt":"2024-03-27T17:27:45","slug":"equipo-dos-cafe","status":"publish","type":"page","link":"https:\/\/doscafeusa.com\/en\/equipo-dos-cafe\/","title":{"rendered":"Dos Caf\u00e9 Team"},"content":{"rendered":"<div data-elementor-type=\"wp-page\" data-elementor-id=\"41\" class=\"elementor elementor-41\" data-elementor-post-type=\"page\">\n\t\t\t\t<div class=\"elementor-element elementor-element-b27dfef e-flex e-con-boxed e-con e-parent\" data-id=\"b27dfef\" data-element_type=\"container\" data-settings=\"{&quot;background_background&quot;:&quot;classic&quot;}\">\n\t\t\t\t\t<div class=\"e-con-inner\">\n\t\t\t\t<div class=\"elementor-element elementor-element-779c94d elementor-widget elementor-widget-image\" data-id=\"779c94d\" data-element_type=\"widget\" data-widget_type=\"image.default\">\n\t\t\t\t<div class=\"elementor-widget-container\">\n\t\t\t\t\t\t\t\t\t\t\t\t\t\t\t<img fetchpriority=\"high\" decoding=\"async\" width=\"800\" height=\"363\" src=\"https:\/\/doscafeusa.com\/wp-content\/uploads\/2024\/03\/equipo1-1024x465.png\" class=\"attachment-large size-large wp-image-957\" alt=\"\" srcset=\"https:\/\/doscafeusa.com\/wp-content\/uploads\/2024\/03\/equipo1-1024x465.png 1024w, https:\/\/doscafeusa.com\/wp-content\/uploads\/2024\/03\/equipo1-300x136.png 300w, https:\/\/doscafeusa.com\/wp-content\/uploads\/2024\/03\/equipo1-600x273.png 600w, https:\/\/doscafeusa.com\/wp-content\/uploads\/2024\/03\/equipo1-768x349.png 768w, https:\/\/doscafeusa.com\/wp-content\/uploads\/2024\/03\/equipo1-1536x698.png 1536w, https:\/\/doscafeusa.com\/wp-content\/uploads\/2024\/03\/equipo1.png 1558w\" sizes=\"(max-width: 800px) 100vw, 800px\" \/>\t\t\t\t\t\t\t\t\t\t\t\t\t\t\t<\/div>\n\t\t\t\t<\/div>\n\t\t\t\t<div class=\"elementor-element elementor-element-cf104a7 elementor-widget__width-initial elementor-invisible elementor-widget elementor-widget-heading\" data-id=\"cf104a7\" data-element_type=\"widget\" data-settings=\"{&quot;_animation&quot;:&quot;fadeInUp&quot;}\" data-widget_type=\"heading.default\">\n\t\t\t\t<div class=\"elementor-widget-container\">\n\t\t\t\t\t<p class=\"elementor-heading-title elementor-size-default\">Dos Caf\u00e9 Team<\/p>\t\t\t\t<\/div>\n\t\t\t\t<\/div>\n\t\t\t\t<div class=\"elementor-element elementor-element-f1fa2b1 elementor-widget__width-initial elementor-invisible elementor-widget elementor-widget-heading\" data-id=\"f1fa2b1\" data-element_type=\"widget\" data-settings=\"{&quot;_animation&quot;:&quot;fadeInUp&quot;}\" data-widget_type=\"heading.default\">\n\t\t\t\t<div class=\"elementor-widget-container\">\n\t\t\t\t\t<p class=\"elementor-heading-title elementor-size-default\">The experience and knowledge of our Technical Service and Sales experts is available to support you.\n<\/p>\t\t\t\t<\/div>\n\t\t\t\t<\/div>\n\t\t<div class=\"elementor-element elementor-element-0460bf3 e-flex e-con-boxed e-con e-child\" data-id=\"0460bf3\" data-element_type=\"container\">\n\t\t\t\t\t<div class=\"e-con-inner\">\n\t\t\t\t<div class=\"elementor-element elementor-element-65e568d elementor-widget elementor-widget-premium-addon-person\" data-id=\"65e568d\" data-element_type=\"widget\" data-settings=\"{&quot;persons_per_row_tablet&quot;:&quot;50%&quot;,&quot;persons_per_row_mobile&quot;:&quot;50%&quot;,&quot;carousel&quot;:&quot;yes&quot;,&quot;carousel_play&quot;:&quot;yes&quot;,&quot;speed&quot;:3500,&quot;persons_per_row&quot;:&quot;25%&quot;}\" data-widget_type=\"premium-addon-person.default\">\n\t\t\t\t<div class=\"elementor-widget-container\">\n\t\t\t\t\t\t\t<div class=\"premium-persons-container premium-person-style2 multiple-persons\" data-persons-equal=\"\" data-carousel=\"1\" data-rtl=\"\">\r\n\t\t\t\t\t\t\t\t<div class=\"premium-person-container premium-person-grayscale-effect\">\r\n\t\t\t\t\t\t<div class=\"premium-person-image-container\">\r\n\t\t\t\t\t\t<img decoding=\"async\" width=\"316\" height=\"304\" src=\"https:\/\/doscafeusa.com\/wp-content\/uploads\/2024\/03\/yoba2.webp\" class=\"attachment-full size-full wp-image-1115\" alt=\"\" srcset=\"https:\/\/doscafeusa.com\/wp-content\/uploads\/2024\/03\/yoba2.webp 316w, https:\/\/doscafeusa.com\/wp-content\/uploads\/2024\/03\/yoba2-300x289.webp 300w\" sizes=\"(max-width: 316px) 100vw, 316px\" \/>\t\t\t\t\t\t\t\t\t\t\t\t\t<\/div>\r\n\t\t\t\t\t\t<div class=\"premium-person-info\">\r\n\t\t\t\t\t\t\t\t\t\t<div class=\"premium-person-info-container\">\r\n\t\t\t\t\t\t\t\t\t<h2 class=\"premium-person-name\">Yobany Dom\u00ednguez<\/h2>\r\n\t\t\t\t\t\t\t\t\t\t\t<h4 class=\"premium-person-title\">\r\n\t\t\t\t\t\t\t<span>CEO<\/span>\r\n\t\t\t\t\t\t<\/h4>\r\n\t\t\t\t\t\t\t\t<\/div>\r\n\t\t\t\t\t\t\t\t\t<\/div>\r\n\t\t\t\t\t<\/div>\r\n\t\t\t\t\t\t\t\t\t\t<div class=\"premium-person-container premium-person-grayscale-effect\">\r\n\t\t\t\t\t\t<div class=\"premium-person-image-container\">\r\n\t\t\t\t\t\t<img decoding=\"async\" width=\"316\" height=\"304\" src=\"https:\/\/doscafeusa.com\/wp-content\/uploads\/2024\/03\/team1.png\" class=\"attachment-full size-full wp-image-970\" alt=\"\" srcset=\"https:\/\/doscafeusa.com\/wp-content\/uploads\/2024\/03\/team1.png 316w, https:\/\/doscafeusa.com\/wp-content\/uploads\/2024\/03\/team1-300x289.png 300w\" sizes=\"(max-width: 316px) 100vw, 316px\" \/>\t\t\t\t\t\t\t\t\t\t\t\t\t<\/div>\r\n\t\t\t\t\t\t<div class=\"premium-person-info\">\r\n\t\t\t\t\t\t\t\t\t\t<div class=\"premium-person-info-container\">\r\n\t\t\t\t\t\t\t\t\t<h2 class=\"premium-person-name\">Felipe Martinez<\/h2>\r\n\t\t\t\t\t\t\t\t\t\t\t<h4 class=\"premium-person-title\">\r\n\t\t\t\t\t\t\t<span>Sales Team<\/span>\r\n\t\t\t\t\t\t<\/h4>\r\n\t\t\t\t\t\t\t\t<\/div>\r\n\t\t\t\t\t\t\t\t\t<\/div>\r\n\t\t\t\t\t<\/div>\r\n\t\t\t\t\t\t\t\t\t\t<div class=\"premium-person-container premium-person-grayscale-effect\">\r\n\t\t\t\t\t\t<div class=\"premium-person-image-container\">\r\n\t\t\t\t\t\t<img loading=\"lazy\" decoding=\"async\" width=\"316\" height=\"304\" src=\"https:\/\/doscafeusa.com\/wp-content\/uploads\/2024\/03\/aliona.webp\" class=\"attachment-full size-full wp-image-1124\" alt=\"\" srcset=\"https:\/\/doscafeusa.com\/wp-content\/uploads\/2024\/03\/aliona.webp 316w, https:\/\/doscafeusa.com\/wp-content\/uploads\/2024\/03\/aliona-300x289.webp 300w\" sizes=\"(max-width: 316px) 100vw, 316px\" \/>\t\t\t\t\t\t\t\t\t\t\t\t\t<\/div>\r\n\t\t\t\t\t\t<div class=\"premium-person-info\">\r\n\t\t\t\t\t\t\t\t\t\t<div class=\"premium-person-info-container\">\r\n\t\t\t\t\t\t\t\t\t<h2 class=\"premium-person-name\">Aliona Grybkova<\/h2>\r\n\t\t\t\t\t\t\t\t\t\t\t<h4 class=\"premium-person-title\">\r\n\t\t\t\t\t\t\t<span>Sales Team<\/span>\r\n\t\t\t\t\t\t<\/h4>\r\n\t\t\t\t\t\t\t\t<\/div>\r\n\t\t\t\t\t\t\t\t\t<\/div>\r\n\t\t\t\t\t<\/div>\r\n\t\t\t\t\t\t\t\t\t\t<div class=\"premium-person-container premium-person-grayscale-effect\">\r\n\t\t\t\t\t\t<div class=\"premium-person-image-container\">\r\n\t\t\t\t\t\t<img loading=\"lazy\" decoding=\"async\" width=\"316\" height=\"304\" src=\"https:\/\/doscafeusa.com\/wp-content\/uploads\/2024\/03\/team3.png\" class=\"attachment-full size-full wp-image-987\" alt=\"\" srcset=\"https:\/\/doscafeusa.com\/wp-content\/uploads\/2024\/03\/team3.png 316w, https:\/\/doscafeusa.com\/wp-content\/uploads\/2024\/03\/team3-300x289.png 300w\" sizes=\"(max-width: 316px) 100vw, 316px\" \/>\t\t\t\t\t\t\t\t\t\t\t\t\t<\/div>\r\n\t\t\t\t\t\t<div class=\"premium-person-info\">\r\n\t\t\t\t\t\t\t\t\t\t<div class=\"premium-person-info-container\">\r\n\t\t\t\t\t\t\t\t\t<h2 class=\"premium-person-name\">Henrry Tibacan<\/h2>\r\n\t\t\t\t\t\t\t\t\t\t\t<h4 class=\"premium-person-title\">\r\n\t\t\t\t\t\t\t<span>Technical Service<\/span>\r\n\t\t\t\t\t\t<\/h4>\r\n\t\t\t\t\t\t\t\t<\/div>\r\n\t\t\t\t\t\t\t\t\t<\/div>\r\n\t\t\t\t\t<\/div>\r\n\t\t\t\t\t\t\t\t\t\t<div class=\"premium-person-container premium-person-grayscale-effect\">\r\n\t\t\t\t\t\t<div class=\"premium-person-image-container\">\r\n\t\t\t\t\t\t<img loading=\"lazy\" decoding=\"async\" width=\"316\" height=\"304\" src=\"https:\/\/doscafeusa.com\/wp-content\/uploads\/2024\/03\/team4.png\" class=\"attachment-full size-full wp-image-991\" alt=\"\" srcset=\"https:\/\/doscafeusa.com\/wp-content\/uploads\/2024\/03\/team4.png 316w, https:\/\/doscafeusa.com\/wp-content\/uploads\/2024\/03\/team4-300x289.png 300w\" sizes=\"(max-width: 316px) 100vw, 316px\" \/>\t\t\t\t\t\t\t\t\t\t\t\t\t<\/div>\r\n\t\t\t\t\t\t<div class=\"premium-person-info\">\r\n\t\t\t\t\t\t\t\t\t\t<div class=\"premium-person-info-container\">\r\n\t\t\t\t\t\t\t\t\t<h2 class=\"premium-person-name\">Andres Castillo<\/h2>\r\n\t\t\t\t\t\t\t\t\t\t\t<h4 class=\"premium-person-title\">\r\n\t\t\t\t\t\t\t<span>Installation  &amp; Delivery <\/span>\r\n\t\t\t\t\t\t<\/h4>\r\n\t\t\t\t\t\t\t\t<\/div>\r\n\t\t\t\t\t\t\t\t\t<\/div>\r\n\t\t\t\t\t<\/div>\r\n\t\t\t\t\t\t\t\t\t\t<div class=\"premium-person-container premium-person-grayscale-effect\">\r\n\t\t\t\t\t\t<div class=\"premium-person-image-container\">\r\n\t\t\t\t\t\t<img loading=\"lazy\" decoding=\"async\" width=\"316\" height=\"304\" src=\"https:\/\/doscafeusa.com\/wp-content\/uploads\/2024\/03\/team5.png\" class=\"attachment-full size-full wp-image-999\" alt=\"\" srcset=\"https:\/\/doscafeusa.com\/wp-content\/uploads\/2024\/03\/team5.png 316w, https:\/\/doscafeusa.com\/wp-content\/uploads\/2024\/03\/team5-300x289.png 300w\" sizes=\"(max-width: 316px) 100vw, 316px\" \/>\t\t\t\t\t\t\t\t\t\t\t\t\t<\/div>\r\n\t\t\t\t\t\t<div class=\"premium-person-info\">\r\n\t\t\t\t\t\t\t\t\t\t<div class=\"premium-person-info-container\">\r\n\t\t\t\t\t\t\t\t\t<h2 class=\"premium-person-name\">Rolando Fonte<\/h2>\r\n\t\t\t\t\t\t\t\t\t\t\t<h4 class=\"premium-person-title\">\r\n\t\t\t\t\t\t\t<span>Installation  &amp; Delivery <\/span>\r\n\t\t\t\t\t\t<\/h4>\r\n\t\t\t\t\t\t\t\t<\/div>\r\n\t\t\t\t\t\t\t\t\t<\/div>\r\n\t\t\t\t\t<\/div>\r\n\t\t\t\t\t\t\t<\/div>\r\n\t\t\t\t\t\t<\/div>\n\t\t\t\t<\/div>\n\t\t\t\t<div class=\"elementor-element elementor-element-822d057 elementor-widget__width-initial elementor-invisible elementor-widget elementor-widget-heading\" data-id=\"822d057\" data-element_type=\"widget\" data-settings=\"{&quot;_animation&quot;:&quot;fadeInUp&quot;}\" data-widget_type=\"heading.default\">\n\t\t\t\t<div class=\"elementor-widget-container\">\n\t\t\t\t\t<p class=\"elementor-heading-title elementor-size-default\">Our main goal is to effectively integrate with our clients in an empathetic way, to maintain strong and lasting relationships. We are in tune with the routine, we are the perfect combination to make that routine better and challenge the client to get out of it.<\/p>\t\t\t\t<\/div>\n\t\t\t\t<\/div>\n\t\t\t\t\t<\/div>\n\t\t\t\t<\/div>\n\t\t\t\t\t<\/div>\n\t\t\t\t<\/div>\n\t\t\t\t<\/div>","protected":false},"excerpt":{"rendered":"<p>Equipo Dos Caf\u00e9 La experiencia y conocimiento de nuestros expertos en Servicio T\u00e9cnico y Ventas est\u00e1 disponible para apoyarlos Yobany Dom\u00ednguez CEO Felipe Martinez Sales Team Aliona Grybkova Sales Team Henrry Tibacan Technical Service Andres Castillo Installation &amp; Delivery Rolando Fonte Installation &amp; Delivery Nuestro objetivo principal es integrarnos efectivamente con nuestros clientes de manera [&hellip;]<\/p>","protected":false},"author":1,"featured_media":0,"parent":0,"menu_order":0,"comment_status":"closed","ping_status":"closed","template":"elementor_header_footer","meta":{"footnotes":""},"class_list":["post-41","page","type-page","status-publish","hentry"],"_links":{"self":[{"href":"https:\/\/doscafeusa.com\/en\/wp-json\/wp\/v2\/pages\/41","targetHints":{"allow":["GET"]}}],"collection":[{"href":"https:\/\/doscafeusa.com\/en\/wp-json\/wp\/v2\/pages"}],"about":[{"href":"https:\/\/doscafeusa.com\/en\/wp-json\/wp\/v2\/types\/page"}],"author":[{"embeddable":true,"href":"https:\/\/doscafeusa.com\/en\/wp-json\/wp\/v2\/users\/1"}],"replies":[{"embeddable":true,"href":"https:\/\/doscafeusa.com\/en\/wp-json\/wp\/v2\/comments?post=41"}],"version-history":[{"count":124,"href":"https:\/\/doscafeusa.com\/en\/wp-json\/wp\/v2\/pages\/41\/revisions"}],"predecessor-version":[{"id":1235,"href":"https:\/\/doscafeusa.com\/en\/wp-json\/wp\/v2\/pages\/41\/revisions\/1235"}],"wp:attachment":[{"href":"https:\/\/doscafeusa.com\/en\/wp-json\/wp\/v2\/media?parent=41"}],"curies":[{"name":"wp","href":"https:\/\/api.w.org\/{rel}","templated":true}]}}