{"id":37,"date":"2024-02-17T14:52:36","date_gmt":"2024-02-17T14:52:36","guid":{"rendered":"http:\/\/doscafe.rf.gd\/?page_id=37"},"modified":"2025-09-09T02:07:35","modified_gmt":"2025-09-09T02:07:35","slug":"servicios","status":"publish","type":"page","link":"https:\/\/doscafeusa.com\/en\/servicios\/","title":{"rendered":"Services"},"content":{"rendered":"<div data-elementor-type=\"wp-page\" data-elementor-id=\"37\" class=\"elementor elementor-37\" data-elementor-post-type=\"page\">\n\t\t\t\t<div class=\"elementor-element elementor-element-b5af2b3 e-con-full e-flex e-con e-parent\" data-id=\"b5af2b3\" data-element_type=\"container\" data-settings=\"{&quot;background_background&quot;:&quot;classic&quot;}\">\n\t\t<div class=\"elementor-element elementor-element-950d55f e-con-full e-flex e-con e-child\" data-id=\"950d55f\" data-element_type=\"container\">\n\t\t\t\t<div class=\"elementor-element elementor-element-e0c7e44 elementor-invisible elementor-widget elementor-widget-image\" data-id=\"e0c7e44\" data-element_type=\"widget\" data-settings=\"{&quot;_animation&quot;:&quot;fadeInLeft&quot;}\" data-widget_type=\"image.default\">\n\t\t\t\t<div class=\"elementor-widget-container\">\n\t\t\t\t\t\t\t\t\t\t\t\t\t\t\t<img fetchpriority=\"high\" decoding=\"async\" width=\"800\" height=\"711\" src=\"https:\/\/doscafeusa.com\/wp-content\/uploads\/2024\/02\/serv1.webp\" class=\"attachment-large size-large wp-image-378\" alt=\"\" srcset=\"https:\/\/doscafeusa.com\/wp-content\/uploads\/2024\/02\/serv1.webp 800w, https:\/\/doscafeusa.com\/wp-content\/uploads\/2024\/02\/serv1-300x267.webp 300w, https:\/\/doscafeusa.com\/wp-content\/uploads\/2024\/02\/serv1-600x533.webp 600w, https:\/\/doscafeusa.com\/wp-content\/uploads\/2024\/02\/serv1-768x683.webp 768w\" sizes=\"(max-width: 800px) 100vw, 800px\" \/>\t\t\t\t\t\t\t\t\t\t\t\t\t\t\t<\/div>\n\t\t\t\t<\/div>\n\t\t\t\t<\/div>\n\t\t<div class=\"elementor-element elementor-element-5be4ecf e-con-full e-flex e-con e-child\" data-id=\"5be4ecf\" data-element_type=\"container\">\n\t\t\t\t<div class=\"elementor-element elementor-element-383d472 elementor-widget__width-initial elementor-invisible elementor-widget elementor-widget-heading\" data-id=\"383d472\" data-element_type=\"widget\" data-settings=\"{&quot;_animation&quot;:&quot;fadeInUp&quot;}\" data-widget_type=\"heading.default\">\n\t\t\t\t<div class=\"elementor-widget-container\">\n\t\t\t\t\t<p class=\"elementor-heading-title elementor-size-default\">We get you\ncomplete coffee equipment<\/p>\t\t\t\t<\/div>\n\t\t\t\t<\/div>\n\t\t\t\t<div class=\"elementor-element elementor-element-d1ad268 elementor-widget__width-initial elementor-invisible elementor-widget elementor-widget-heading\" data-id=\"d1ad268\" data-element_type=\"widget\" data-settings=\"{&quot;_animation&quot;:&quot;fadeInUp&quot;}\" data-widget_type=\"heading.default\">\n\t\t\t\t<div class=\"elementor-widget-container\">\n\t\t\t\t\t<p class=\"elementor-heading-title elementor-size-default\">We understand your needs and provide you with traditional and modern machines, grinders and accessories for professional use in the preparation of high quality espresso coffee.<\/p>\t\t\t\t<\/div>\n\t\t\t\t<\/div>\n\t\t\t\t<div class=\"elementor-element elementor-element-55f11c2 elementor-widget__width-initial elementor-invisible elementor-widget elementor-widget-heading\" data-id=\"55f11c2\" data-element_type=\"widget\" data-settings=\"{&quot;_animation&quot;:&quot;fadeInUp&quot;}\" data-widget_type=\"heading.default\">\n\t\t\t\t<div class=\"elementor-widget-container\">\n\t\t\t\t\t<p class=\"elementor-heading-title elementor-size-default\">We offer installation, start-up and maintenance of your professional espresso equipment throughout the tri-state area.<\/p>\t\t\t\t<\/div>\n\t\t\t\t<\/div>\n\t\t\t\t<\/div>\n\t\t\t\t<\/div>\n\t\t<div class=\"elementor-element elementor-element-f2cc1b2 e-flex e-con-boxed e-con e-parent\" data-id=\"f2cc1b2\" data-element_type=\"container\" data-settings=\"{&quot;background_background&quot;:&quot;classic&quot;}\">\n\t\t\t\t\t<div class=\"e-con-inner\">\n\t\t\t\t\t<\/div>\n\t\t\t\t<\/div>\n\t\t<div class=\"elementor-element elementor-element-d7942a4 e-flex e-con-boxed e-con e-parent\" data-id=\"d7942a4\" data-element_type=\"container\">\n\t\t\t\t\t<div class=\"e-con-inner\">\n\t\t\t\t<div class=\"elementor-element elementor-element-eca0f3a elementor-widget__width-initial elementor-invisible elementor-widget elementor-widget-heading\" data-id=\"eca0f3a\" data-element_type=\"widget\" data-settings=\"{&quot;_animation&quot;:&quot;fadeInUp&quot;}\" data-widget_type=\"heading.default\">\n\t\t\t\t<div class=\"elementor-widget-container\">\n\t\t\t\t\t<p class=\"elementor-heading-title elementor-size-default\">Our team provides tailored technical training, based on the needs of your staff.\n<\/p>\t\t\t\t<\/div>\n\t\t\t\t<\/div>\n\t\t\t\t<div class=\"elementor-element elementor-element-15d9245 elementor-widget__width-initial elementor-invisible elementor-widget elementor-widget-heading\" data-id=\"15d9245\" data-element_type=\"widget\" data-settings=\"{&quot;_animation&quot;:&quot;fadeInUp&quot;}\" data-widget_type=\"heading.default\">\n\t\t\t\t<div class=\"elementor-widget-container\">\n\t\t\t\t\t<p class=\"elementor-heading-title elementor-size-default\">Get the best of both worlds with our combined plan! Enjoy special prices and convenient payment options on new equipment or restoration of your own equipment when you purchase coffee products from Dos Cafe. Ask our advisor for more details.<\/p>\t\t\t\t<\/div>\n\t\t\t\t<\/div>\n\t\t\t\t<div class=\"elementor-element elementor-element-53500cb elementor-widget__width-initial elementor-invisible elementor-widget elementor-widget-heading\" data-id=\"53500cb\" data-element_type=\"widget\" data-settings=\"{&quot;_animation&quot;:&quot;fadeInUp&quot;}\" data-widget_type=\"heading.default\">\n\t\t\t\t<div class=\"elementor-widget-container\">\n\t\t\t\t\t<p class=\"elementor-heading-title elementor-size-default\">For Sales and Maintenance Services, please Call <b>2015221850 <\/b><\/p>\t\t\t\t<\/div>\n\t\t\t\t<\/div>\n\t\t<div class=\"elementor-element elementor-element-e3f1504 e-con-full e-flex e-con e-child\" data-id=\"e3f1504\" data-element_type=\"container\">\n\t\t<div class=\"elementor-element elementor-element-09c7c49 e-flex e-con-boxed e-con e-child\" data-id=\"09c7c49\" data-element_type=\"container\">\n\t\t\t\t\t<div class=\"e-con-inner\">\n\t\t\t\t<div class=\"elementor-element elementor-element-6ae485d elementor-widget elementor-widget-image\" data-id=\"6ae485d\" data-element_type=\"widget\" data-widget_type=\"image.default\">\n\t\t\t\t<div class=\"elementor-widget-container\">\n\t\t\t\t\t\t\t\t\t\t\t\t\t\t\t<img decoding=\"async\" width=\"630\" height=\"631\" src=\"https:\/\/doscafeusa.com\/wp-content\/uploads\/2024\/02\/maquina1.jpg\" class=\"attachment-large size-large wp-image-465\" alt=\"\" srcset=\"https:\/\/doscafeusa.com\/wp-content\/uploads\/2024\/02\/maquina1.jpg 630w, https:\/\/doscafeusa.com\/wp-content\/uploads\/2024\/02\/maquina1-300x300.jpg 300w, https:\/\/doscafeusa.com\/wp-content\/uploads\/2024\/02\/maquina1-100x100.jpg 100w, https:\/\/doscafeusa.com\/wp-content\/uploads\/2024\/02\/maquina1-600x601.jpg 600w, https:\/\/doscafeusa.com\/wp-content\/uploads\/2024\/02\/maquina1-150x150.jpg 150w\" sizes=\"(max-width: 630px) 100vw, 630px\" \/>\t\t\t\t\t\t\t\t\t\t\t\t\t\t\t<\/div>\n\t\t\t\t<\/div>\n\t\t\t\t\t<\/div>\n\t\t\t\t<\/div>\n\t\t<div class=\"elementor-element elementor-element-2428eb5 e-flex e-con-boxed e-con e-child\" data-id=\"2428eb5\" data-element_type=\"container\">\n\t\t\t\t\t<div class=\"e-con-inner\">\n\t\t\t\t<div class=\"elementor-element elementor-element-7f2675b elementor-widget elementor-widget-image\" data-id=\"7f2675b\" data-element_type=\"widget\" data-widget_type=\"image.default\">\n\t\t\t\t<div class=\"elementor-widget-container\">\n\t\t\t\t\t\t\t\t\t\t\t\t\t\t\t<img decoding=\"async\" width=\"630\" height=\"631\" src=\"https:\/\/doscafeusa.com\/wp-content\/uploads\/2024\/02\/maquina2.jpg\" class=\"attachment-large size-large wp-image-469\" alt=\"\" srcset=\"https:\/\/doscafeusa.com\/wp-content\/uploads\/2024\/02\/maquina2.jpg 630w, https:\/\/doscafeusa.com\/wp-content\/uploads\/2024\/02\/maquina2-300x300.jpg 300w, https:\/\/doscafeusa.com\/wp-content\/uploads\/2024\/02\/maquina2-100x100.jpg 100w, https:\/\/doscafeusa.com\/wp-content\/uploads\/2024\/02\/maquina2-600x601.jpg 600w, https:\/\/doscafeusa.com\/wp-content\/uploads\/2024\/02\/maquina2-150x150.jpg 150w\" sizes=\"(max-width: 630px) 100vw, 630px\" \/>\t\t\t\t\t\t\t\t\t\t\t\t\t\t\t<\/div>\n\t\t\t\t<\/div>\n\t\t\t\t\t<\/div>\n\t\t\t\t<\/div>\n\t\t<div class=\"elementor-element elementor-element-4a219bc e-flex e-con-boxed e-con e-child\" data-id=\"4a219bc\" data-element_type=\"container\">\n\t\t\t\t\t<div class=\"e-con-inner\">\n\t\t\t\t<div class=\"elementor-element elementor-element-3ed9d88 elementor-widget__width-initial elementor-invisible elementor-widget elementor-widget-heading\" data-id=\"3ed9d88\" data-element_type=\"widget\" data-settings=\"{&quot;_animation&quot;:&quot;fadeInUp&quot;}\" data-widget_type=\"heading.default\">\n\t\t\t\t<div class=\"elementor-widget-container\">\n\t\t\t\t\t<p class=\"elementor-heading-title elementor-size-default\"><a href=\"https:\/\/api.whatsapp.com\/send?phone=12015221850\" target=\"_blank\" rel=\"noopener\">Ask for you\nfree estimate <b><u>here<\/u><\/b>\n<\/a><\/p>\t\t\t\t<\/div>\n\t\t\t\t<\/div>\n\t\t\t\t\t<\/div>\n\t\t\t\t<\/div>\n\t\t\t\t<\/div>\n\t\t<div class=\"elementor-element elementor-element-94d9940 e-con-full e-flex e-con e-child\" data-id=\"94d9940\" data-element_type=\"container\">\n\t\t\t\t<div class=\"elementor-element elementor-element-c11db4f elementor-widget__width-initial elementor-invisible elementor-widget elementor-widget-heading\" data-id=\"c11db4f\" data-element_type=\"widget\" data-settings=\"{&quot;_animation&quot;:&quot;fadeInUp&quot;}\" data-widget_type=\"heading.default\">\n\t\t\t\t<div class=\"elementor-widget-container\">\n\t\t\t\t\t<p class=\"elementor-heading-title elementor-size-default\"><a href=\"https:\/\/www.qualityespresso.net\/en\" target=\"_blank\" rel=\"noopener\">Somos distribuidores autorizados por Quality Espresso <b><u>https:\/\/www.qualityespresso.net\/en<\/u><\/b><\/a><\/p>\t\t\t\t<\/div>\n\t\t\t\t<\/div>\n\t\t\t\t<div class=\"elementor-element elementor-element-5a2f0b0 elementor-widget__width-initial elementor-invisible elementor-widget elementor-widget-heading\" data-id=\"5a2f0b0\" data-element_type=\"widget\" data-settings=\"{&quot;_animation&quot;:&quot;fadeInUp&quot;}\" data-widget_type=\"heading.default\">\n\t\t\t\t<div class=\"elementor-widget-container\">\n\t\t\t\t\t<p class=\"elementor-heading-title elementor-size-default\"><a href=\"https:\/\/www.evocagroup.com\/en\/our-brands\" target=\"_blank\" rel=\"noopener\">https:\/\/www.evocagroup.com\/en\/our-brands<\/a><\/p>\t\t\t\t<\/div>\n\t\t\t\t<\/div>\n\t\t\t\t<div class=\"elementor-element elementor-element-152f337 elementor-align-center elementor-mobile-align-center elementor-widget elementor-widget-button\" data-id=\"152f337\" data-element_type=\"widget\" data-widget_type=\"button.default\">\n\t\t\t\t<div class=\"elementor-widget-container\">\n\t\t\t\t\t\t\t\t\t<div class=\"elementor-button-wrapper\">\n\t\t\t\t\t<a class=\"elementor-button elementor-button-link elementor-size-lg\" href=\"http:\/\/doscafeusa.com\/en\/productos\/\">\n\t\t\t\t\t\t<span class=\"elementor-button-content-wrapper\">\n\t\t\t\t\t\t\t\t\t<span class=\"elementor-button-text\">Products<\/span>\n\t\t\t\t\t<\/span>\n\t\t\t\t\t<\/a>\n\t\t\t\t<\/div>\n\t\t\t\t\t\t\t\t<\/div>\n\t\t\t\t<\/div>\n\t\t\t\t<\/div>\n\t\t\t\t\t<\/div>\n\t\t\t\t<\/div>\n\t\t\t\t<\/div>","protected":false},"excerpt":{"rendered":"<p>Te conseguimos t\u00fa equipo de caf\u00e9 completo Conocemos tus necesidades y te conseguimos m\u00e1quinas tradicionales y modernas, molinillos y accesorios para uso profesional en la elaboraci\u00f3n de caf\u00e9 espresso de alta calidad. Ofrecemos instalaci\u00f3n, primera puesta en marcha y mantenimiento de sus equipos de espresso profesionales en toda el \u00e1rea tri estatal. Nuestro equipo proporciona [&hellip;]<\/p>","protected":false},"author":1,"featured_media":0,"parent":0,"menu_order":0,"comment_status":"closed","ping_status":"closed","template":"elementor_header_footer","meta":{"footnotes":""},"class_list":["post-37","page","type-page","status-publish","hentry"],"_links":{"self":[{"href":"https:\/\/doscafeusa.com\/en\/wp-json\/wp\/v2\/pages\/37","targetHints":{"allow":["GET"]}}],"collection":[{"href":"https:\/\/doscafeusa.com\/en\/wp-json\/wp\/v2\/pages"}],"about":[{"href":"https:\/\/doscafeusa.com\/en\/wp-json\/wp\/v2\/types\/page"}],"author":[{"embeddable":true,"href":"https:\/\/doscafeusa.com\/en\/wp-json\/wp\/v2\/users\/1"}],"replies":[{"embeddable":true,"href":"https:\/\/doscafeusa.com\/en\/wp-json\/wp\/v2\/comments?post=37"}],"version-history":[{"count":133,"href":"https:\/\/doscafeusa.com\/en\/wp-json\/wp\/v2\/pages\/37\/revisions"}],"predecessor-version":[{"id":1496,"href":"https:\/\/doscafeusa.com\/en\/wp-json\/wp\/v2\/pages\/37\/revisions\/1496"}],"wp:attachment":[{"href":"https:\/\/doscafeusa.com\/en\/wp-json\/wp\/v2\/media?parent=37"}],"curies":[{"name":"wp","href":"https:\/\/api.w.org\/{rel}","templated":true}]}}